{"id":18037,"date":"2023-11-06T14:02:06","date_gmt":"2023-11-06T11:02:06","guid":{"rendered":"https:\/\/y4works.fi\/?page_id=18037"},"modified":"2023-11-07T16:38:21","modified_gmt":"2023-11-07T13:38:21","slug":"kohti-strategista-kasvua-opas","status":"publish","type":"page","link":"https:\/\/y4works.fi\/fi\/kohti-strategista-kasvua-opas\/","title":{"rendered":"Kohti strategista kasvua &#8211; lataa opas"},"content":{"rendered":"\t\t<div data-elementor-type=\"wp-page\" data-elementor-id=\"18037\" class=\"elementor elementor-18037\" data-elementor-post-type=\"page\">\n\t\t\t\t\t\t<section class=\"elementor-section elementor-top-section elementor-element elementor-element-4cd8d30e elementor-section-content-middle elementor-section-boxed elementor-section-height-default elementor-section-height-default\" data-id=\"4cd8d30e\" data-element_type=\"section\" data-e-type=\"section\" data-settings=\"{&quot;background_background&quot;:&quot;classic&quot;}\">\n\t\t\t\t\t\t\t<div class=\"elementor-background-overlay\"><\/div>\n\t\t\t\t\t\t\t<div class=\"elementor-container elementor-column-gap-wider\">\n\t\t\t\t\t<div class=\"elementor-column elementor-col-50 elementor-top-column elementor-element elementor-element-2bb37dd9\" data-id=\"2bb37dd9\" data-element_type=\"column\" data-e-type=\"column\">\n\t\t\t<div class=\"elementor-widget-wrap elementor-element-populated\">\n\t\t\t\t\t\t<div class=\"elementor-element elementor-element-7cf8760f elementor-widget elementor-widget-image\" data-id=\"7cf8760f\" data-element_type=\"widget\" data-e-type=\"widget\" data-widget_type=\"image.default\">\n\t\t\t\t<div class=\"elementor-widget-container\">\n\t\t\t\t\t\t\t\t\t\t\t\t\t\t\t<img fetchpriority=\"high\" decoding=\"async\" width=\"800\" height=\"800\" src=\"https:\/\/y4works.fi\/wp-content\/uploads\/2023\/10\/Y4-1080x1080-copy-22-1-1024x1024.png\" class=\"attachment-large size-large wp-image-17764\" alt=\"\" srcset=\"https:\/\/y4works.fi\/wp-content\/uploads\/2023\/10\/Y4-1080x1080-copy-22-1-1024x1024.png 1024w, https:\/\/y4works.fi\/wp-content\/uploads\/2023\/10\/Y4-1080x1080-copy-22-1-300x300.png 300w, https:\/\/y4works.fi\/wp-content\/uploads\/2023\/10\/Y4-1080x1080-copy-22-1-150x150.png 150w, https:\/\/y4works.fi\/wp-content\/uploads\/2023\/10\/Y4-1080x1080-copy-22-1-768x768.png 768w, https:\/\/y4works.fi\/wp-content\/uploads\/2023\/10\/Y4-1080x1080-copy-22-1-1536x1536.png 1536w, https:\/\/y4works.fi\/wp-content\/uploads\/2023\/10\/Y4-1080x1080-copy-22-1-2048x2048.png 2048w, https:\/\/y4works.fi\/wp-content\/uploads\/2023\/10\/elementor\/thumbs\/Y4-1080x1080-copy-22-1-qe4poct97cere5ggb5crynzq7c6g2ykws7ypo4j4ww.png 400w\" sizes=\"(max-width: 800px) 100vw, 800px\" \/>\t\t\t\t\t\t\t\t\t\t\t\t\t\t\t<\/div>\n\t\t\t\t<\/div>\n\t\t\t\t\t<\/div>\n\t\t<\/div>\n\t\t\t\t<div class=\"elementor-column elementor-col-50 elementor-top-column elementor-element elementor-element-6833d403\" data-id=\"6833d403\" data-element_type=\"column\" data-e-type=\"column\">\n\t\t\t<div class=\"elementor-widget-wrap elementor-element-populated\">\n\t\t\t\t\t\t<div class=\"elementor-element elementor-element-4e0bdefe elementor-widget elementor-widget-heading\" data-id=\"4e0bdefe\" data-element_type=\"widget\" data-e-type=\"widget\" data-widget_type=\"heading.default\">\n\t\t\t\t<div class=\"elementor-widget-container\">\n\t\t\t\t\t<h1 class=\"elementor-heading-title elementor-size-default\">Kohti strategista kasvua -opas<\/h1>\t\t\t\t<\/div>\n\t\t\t\t<\/div>\n\t\t\t\t<div class=\"elementor-element elementor-element-68b4f861 elementor-widget elementor-widget-heading\" data-id=\"68b4f861\" data-element_type=\"widget\" data-e-type=\"widget\" data-widget_type=\"heading.default\">\n\t\t\t\t<div class=\"elementor-widget-container\">\n\t\t\t\t\t<h2 class=\"elementor-heading-title elementor-size-default\">Olemme auttaneet tuhansia yrityksi\u00e4 strategisessa kasvussa. Kokosimme parhaat neuvomme t\u00e4h\u00e4n oppaaseen. Opas antaa sinulle ymm\u00e4rryksen yrityksesi nykytilasta, ty\u00f6kalut kehitysty\u00f6h\u00f6n ja suunnan kasvulle.<\/h2>\t\t\t\t<\/div>\n\t\t\t\t<\/div>\n\t\t\t\t<div class=\"elementor-element elementor-element-4673574b elementor-widget elementor-widget-button\" data-id=\"4673574b\" data-element_type=\"widget\" data-e-type=\"widget\" data-widget_type=\"button.default\">\n\t\t\t\t<div class=\"elementor-widget-container\">\n\t\t\t\t\t\t\t\t\t<div class=\"elementor-button-wrapper\">\n\t\t\t\t\t<a class=\"elementor-button elementor-button-link elementor-size-lg\" href=\"#elementor-action%3Aaction%3Dpopup%3Aopen%26settings%3DeyJpZCI6MTgwNDMsInRvZ2dsZSI6ZmFsc2V9\">\n\t\t\t\t\t\t<span class=\"elementor-button-content-wrapper\">\n\t\t\t\t\t\t\t\t\t<span class=\"elementor-button-text\">Lataa opas<\/span>\n\t\t\t\t\t<\/span>\n\t\t\t\t\t<\/a>\n\t\t\t\t<\/div>\n\t\t\t\t\t\t\t\t<\/div>\n\t\t\t\t<\/div>\n\t\t\t\t\t<\/div>\n\t\t<\/div>\n\t\t\t\t\t<\/div>\n\t\t<\/section>\n\t\t\t\t<section class=\"elementor-section elementor-top-section elementor-element elementor-element-4275d92c elementor-section-content-middle elementor-section-boxed elementor-section-height-default elementor-section-height-default\" data-id=\"4275d92c\" data-element_type=\"section\" data-e-type=\"section\" data-settings=\"{&quot;background_background&quot;:&quot;classic&quot;}\">\n\t\t\t\t\t\t<div class=\"elementor-container elementor-column-gap-wider\">\n\t\t\t\t\t<div class=\"elementor-column elementor-col-100 elementor-top-column elementor-element elementor-element-6c41378e\" data-id=\"6c41378e\" data-element_type=\"column\" data-e-type=\"column\">\n\t\t\t<div class=\"elementor-widget-wrap elementor-element-populated\">\n\t\t\t\t\t\t<section class=\"elementor-section elementor-inner-section elementor-element elementor-element-7156c09 elementor-section-boxed elementor-section-height-default elementor-section-height-default\" data-id=\"7156c09\" data-element_type=\"section\" data-e-type=\"section\">\n\t\t\t\t\t\t<div class=\"elementor-container elementor-column-gap-default\">\n\t\t\t\t\t<div class=\"elementor-column elementor-col-50 elementor-inner-column elementor-element elementor-element-736faec4\" data-id=\"736faec4\" data-element_type=\"column\" data-e-type=\"column\">\n\t\t\t<div class=\"elementor-widget-wrap elementor-element-populated\">\n\t\t\t\t\t\t<div class=\"elementor-element elementor-element-12d0df15 elementor-widget elementor-widget-heading\" data-id=\"12d0df15\" data-element_type=\"widget\" data-e-type=\"widget\" data-widget_type=\"heading.default\">\n\t\t\t\t<div class=\"elementor-widget-container\">\n\t\t\t\t\t<h2 class=\"elementor-heading-title elementor-size-default\">Y4 Works Oy<\/h2>\t\t\t\t<\/div>\n\t\t\t\t<\/div>\n\t\t\t\t\t<\/div>\n\t\t<\/div>\n\t\t\t\t<div class=\"elementor-column elementor-col-50 elementor-inner-column elementor-element elementor-element-7f22d8ea\" data-id=\"7f22d8ea\" data-element_type=\"column\" data-e-type=\"column\">\n\t\t\t<div class=\"elementor-widget-wrap elementor-element-populated\">\n\t\t\t\t\t\t<div class=\"elementor-element elementor-element-102c473b elementor-widget elementor-widget-text-editor\" data-id=\"102c473b\" data-element_type=\"widget\" data-e-type=\"widget\" data-widget_type=\"text-editor.default\">\n\t\t\t\t<div class=\"elementor-widget-container\">\n\t\t\t\t\t\t\t\t\t<p>Y4 Works on joukko kunnianhimoisia tekij\u00f6it\u00e4, joilla on halu vaikuttaa yhteiskuntaan. Autamme yrityksi\u00e4 kasvamaan ja ty\u00f6nhakijoita l\u00f6yt\u00e4m\u00e4\u00e4n uralleen suunnan. Ratkaisemme muuttuvan ty\u00f6el\u00e4m\u00e4n haasteita yhdess\u00e4 julkisen sektorin kanssa.<\/p><p>Vuonna 2019 perustettu Y4 on kasvanut laajaksi asiantuntijoiden yhteis\u00f6ksi ymp\u00e4ri Suomea. Toimistomme sijaitsevat Helsingin lis\u00e4ksi Turussa, Tampereella, Rovaniemell\u00e4 ja Jyv\u00e4skyl\u00e4ss\u00e4.<\/p>\t\t\t\t\t\t\t\t<\/div>\n\t\t\t\t<\/div>\n\t\t\t\t<div class=\"elementor-element elementor-element-dcda5b1 elementor-widget elementor-widget-button\" data-id=\"dcda5b1\" data-element_type=\"widget\" data-e-type=\"widget\" data-widget_type=\"button.default\">\n\t\t\t\t<div class=\"elementor-widget-container\">\n\t\t\t\t\t\t\t\t\t<div class=\"elementor-button-wrapper\">\n\t\t\t\t\t<a class=\"elementor-button elementor-button-link elementor-size-lg\" href=\"https:\/\/y4works.fi\/fi\/?page_id=5947\">\n\t\t\t\t\t\t<span class=\"elementor-button-content-wrapper\">\n\t\t\t\t\t\t\t\t\t<span class=\"elementor-button-text\">Katso yhteystietomme<\/span>\n\t\t\t\t\t<\/span>\n\t\t\t\t\t<\/a>\n\t\t\t\t<\/div>\n\t\t\t\t\t\t\t\t<\/div>\n\t\t\t\t<\/div>\n\t\t\t\t\t<\/div>\n\t\t<\/div>\n\t\t\t\t\t<\/div>\n\t\t<\/section>\n\t\t\t\t<section class=\"elementor-section elementor-inner-section elementor-element elementor-element-70c0c575 elementor-section-boxed elementor-section-height-default elementor-section-height-default\" data-id=\"70c0c575\" data-element_type=\"section\" data-e-type=\"section\">\n\t\t\t\t\t\t<div class=\"elementor-container elementor-column-gap-default\">\n\t\t\t\t\t<div class=\"elementor-column elementor-col-100 elementor-inner-column elementor-element elementor-element-356f9b91\" data-id=\"356f9b91\" data-element_type=\"column\" data-e-type=\"column\">\n\t\t\t<div class=\"elementor-widget-wrap elementor-element-populated\">\n\t\t\t\t\t\t<div class=\"elementor-element elementor-element-5782e4dc elementor-widget elementor-widget-spacer\" data-id=\"5782e4dc\" data-element_type=\"widget\" data-e-type=\"widget\" data-widget_type=\"spacer.default\">\n\t\t\t\t<div class=\"elementor-widget-container\">\n\t\t\t\t\t\t\t<div class=\"elementor-spacer\">\n\t\t\t<div class=\"elementor-spacer-inner\"><\/div>\n\t\t<\/div>\n\t\t\t\t\t\t<\/div>\n\t\t\t\t<\/div>\n\t\t\t\t\t<\/div>\n\t\t<\/div>\n\t\t\t\t\t<\/div>\n\t\t<\/section>\n\t\t\t\t\t<\/div>\n\t\t<\/div>\n\t\t\t\t\t<\/div>\n\t\t<\/section>\n\t\t\t\t<\/div>\n\t\t","protected":false},"excerpt":{"rendered":"<p>Kohti strategista kasvua -opas Olemme auttaneet tuhansia yrityksi\u00e4 strategisessa kasvussa. Kokosimme parhaat neuvomme t\u00e4h\u00e4n oppaaseen. Opas antaa sinulle ymm\u00e4rryksen yrityksesi nykytilasta, ty\u00f6kalut kehitysty\u00f6h\u00f6n ja suunnan kasvulle. Lataa opas Y4 Works Oy Y4 Works on joukko kunnianhimoisia tekij\u00f6it\u00e4, joilla on halu vaikuttaa yhteiskuntaan. Autamme yrityksi\u00e4 kasvamaan ja ty\u00f6nhakijoita l\u00f6yt\u00e4m\u00e4\u00e4n uralleen suunnan. Ratkaisemme muuttuvan ty\u00f6el\u00e4m\u00e4n haasteita yhdess\u00e4 [&hellip;]<\/p>\n","protected":false},"author":131,"featured_media":0,"parent":0,"menu_order":0,"comment_status":"closed","ping_status":"closed","template":"","meta":{"_acf_changed":false,"footnotes":""},"class_list":["post-18037","page","type-page","status-publish","hentry"],"acf":[],"yoast_head":"<!-- This site is optimized with the Yoast SEO plugin v27.6 - https:\/\/yoast.com\/product\/yoast-seo-wordpress\/ -->\n<title>Kohti strategista kasvua - lataa opas - Y4 Works<\/title>\n<meta name=\"description\" content=\"Kohti strategista kasvua -opas antaa ymm\u00e4rryst\u00e4 yrityksesi nykytilaan, ty\u00f6kalut kehitykseen ja avun kasvun suunnitteluun. Lataa opas!\" \/>\n<meta name=\"robots\" content=\"index, follow, max-snippet:-1, max-image-preview:large, max-video-preview:-1\" \/>\n<link rel=\"canonical\" href=\"https:\/\/y4works.fi\/fi\/kohti-strategista-kasvua-opas\/\" \/>\n<meta property=\"og:locale\" content=\"fi_FI\" \/>\n<meta property=\"og:type\" content=\"article\" \/>\n<meta property=\"og:title\" content=\"Kohti strategista kasvua - lataa opas - Y4 Works\" \/>\n<meta property=\"og:description\" content=\"Kohti strategista kasvua -opas antaa ymm\u00e4rryst\u00e4 yrityksesi nykytilaan, ty\u00f6kalut kehitykseen ja avun kasvun suunnitteluun. Lataa opas!\" \/>\n<meta property=\"og:url\" content=\"https:\/\/y4works.fi\/fi\/kohti-strategista-kasvua-opas\/\" \/>\n<meta property=\"og:site_name\" content=\"Y4 Works\" \/>\n<meta property=\"article:publisher\" content=\"https:\/\/www.facebook.com\/Y4works\/\" \/>\n<meta property=\"article:modified_time\" content=\"2023-11-07T13:38:21+00:00\" \/>\n<meta property=\"og:image\" content=\"https:\/\/y4works.fi\/wp-content\/uploads\/2023\/10\/Y4-1080x1080-copy-22-1-1024x1024.png\" \/>\n<meta name=\"twitter:card\" content=\"summary_large_image\" \/>\n<meta name=\"twitter:site\" content=\"@y4works\" \/>\n<meta name=\"twitter:label1\" content=\"Arvioitu lukuaika\" \/>\n\t<meta name=\"twitter:data1\" content=\"1 minuutti\" \/>\n<script type=\"application\/ld+json\" class=\"yoast-schema-graph\">{\"@context\":\"https:\\\/\\\/schema.org\",\"@graph\":[{\"@type\":\"WebPage\",\"@id\":\"https:\\\/\\\/y4works.fi\\\/fi\\\/kohti-strategista-kasvua-opas\\\/\",\"url\":\"https:\\\/\\\/y4works.fi\\\/fi\\\/kohti-strategista-kasvua-opas\\\/\",\"name\":\"Kohti strategista kasvua - lataa opas - Y4 Works\",\"isPartOf\":{\"@id\":\"https:\\\/\\\/y4works.fi\\\/fi\\\/#website\"},\"primaryImageOfPage\":{\"@id\":\"https:\\\/\\\/y4works.fi\\\/fi\\\/kohti-strategista-kasvua-opas\\\/#primaryimage\"},\"image\":{\"@id\":\"https:\\\/\\\/y4works.fi\\\/fi\\\/kohti-strategista-kasvua-opas\\\/#primaryimage\"},\"thumbnailUrl\":\"https:\\\/\\\/y4works.fi\\\/wp-content\\\/uploads\\\/2023\\\/10\\\/Y4-1080x1080-copy-22-1-1024x1024.png\",\"datePublished\":\"2023-11-06T11:02:06+00:00\",\"dateModified\":\"2023-11-07T13:38:21+00:00\",\"description\":\"Kohti strategista kasvua -opas antaa ymm\u00e4rryst\u00e4 yrityksesi nykytilaan, ty\u00f6kalut kehitykseen ja avun kasvun suunnitteluun. Lataa opas!\",\"breadcrumb\":{\"@id\":\"https:\\\/\\\/y4works.fi\\\/fi\\\/kohti-strategista-kasvua-opas\\\/#breadcrumb\"},\"inLanguage\":\"fi\",\"potentialAction\":[{\"@type\":\"ReadAction\",\"target\":[\"https:\\\/\\\/y4works.fi\\\/fi\\\/kohti-strategista-kasvua-opas\\\/\"]}]},{\"@type\":\"ImageObject\",\"inLanguage\":\"fi\",\"@id\":\"https:\\\/\\\/y4works.fi\\\/fi\\\/kohti-strategista-kasvua-opas\\\/#primaryimage\",\"url\":\"https:\\\/\\\/y4works.fi\\\/wp-content\\\/uploads\\\/2023\\\/10\\\/Y4-1080x1080-copy-22-1-1024x1024.png\",\"contentUrl\":\"https:\\\/\\\/y4works.fi\\\/wp-content\\\/uploads\\\/2023\\\/10\\\/Y4-1080x1080-copy-22-1-1024x1024.png\"},{\"@type\":\"BreadcrumbList\",\"@id\":\"https:\\\/\\\/y4works.fi\\\/fi\\\/kohti-strategista-kasvua-opas\\\/#breadcrumb\",\"itemListElement\":[{\"@type\":\"ListItem\",\"position\":1,\"name\":\"Home\",\"item\":\"https:\\\/\\\/y4works.fi\\\/fi\\\/\"},{\"@type\":\"ListItem\",\"position\":2,\"name\":\"Kohti strategista kasvua &#8211; lataa opas\"}]},{\"@type\":\"WebSite\",\"@id\":\"https:\\\/\\\/y4works.fi\\\/fi\\\/#website\",\"url\":\"https:\\\/\\\/y4works.fi\\\/fi\\\/\",\"name\":\"Y4 Works\",\"description\":\"Uuden sukupolven yritys- ja urapalvelut\",\"publisher\":{\"@id\":\"https:\\\/\\\/y4works.fi\\\/fi\\\/#organization\"},\"potentialAction\":[{\"@type\":\"SearchAction\",\"target\":{\"@type\":\"EntryPoint\",\"urlTemplate\":\"https:\\\/\\\/y4works.fi\\\/fi\\\/?s={search_term_string}\"},\"query-input\":{\"@type\":\"PropertyValueSpecification\",\"valueRequired\":true,\"valueName\":\"search_term_string\"}}],\"inLanguage\":\"fi\"},{\"@type\":\"Organization\",\"@id\":\"https:\\\/\\\/y4works.fi\\\/fi\\\/#organization\",\"name\":\"Y4 Works\",\"url\":\"https:\\\/\\\/y4works.fi\\\/fi\\\/\",\"logo\":{\"@type\":\"ImageObject\",\"inLanguage\":\"fi\",\"@id\":\"https:\\\/\\\/y4works.fi\\\/fi\\\/#\\\/schema\\\/logo\\\/image\\\/\",\"url\":\"https:\\\/\\\/y4works.fi\\\/wp-content\\\/uploads\\\/2021\\\/08\\\/Y4-logo.png\",\"contentUrl\":\"https:\\\/\\\/y4works.fi\\\/wp-content\\\/uploads\\\/2021\\\/08\\\/Y4-logo.png\",\"width\":2621,\"height\":1578,\"caption\":\"Y4 Works\"},\"image\":{\"@id\":\"https:\\\/\\\/y4works.fi\\\/fi\\\/#\\\/schema\\\/logo\\\/image\\\/\"},\"sameAs\":[\"https:\\\/\\\/www.facebook.com\\\/Y4works\\\/\",\"https:\\\/\\\/x.com\\\/y4works\",\"https:\\\/\\\/www.instagram.com\\\/y4works\\\/\",\"https:\\\/\\\/www.linkedin.com\\\/company\\\/y4\\\/\",\"https:\\\/\\\/www.youtube.com\\\/channel\\\/UC5dIR_5FPOK1spC2G7LQelg\"]}]}<\/script>\n<!-- \/ Yoast SEO plugin. -->","yoast_head_json":{"title":"Kohti strategista kasvua - lataa opas - Y4 Works","description":"Kohti strategista kasvua -opas antaa ymm\u00e4rryst\u00e4 yrityksesi nykytilaan, ty\u00f6kalut kehitykseen ja avun kasvun suunnitteluun. Lataa opas!","robots":{"index":"index","follow":"follow","max-snippet":"max-snippet:-1","max-image-preview":"max-image-preview:large","max-video-preview":"max-video-preview:-1"},"canonical":"https:\/\/y4works.fi\/fi\/kohti-strategista-kasvua-opas\/","og_locale":"fi_FI","og_type":"article","og_title":"Kohti strategista kasvua - lataa opas - Y4 Works","og_description":"Kohti strategista kasvua -opas antaa ymm\u00e4rryst\u00e4 yrityksesi nykytilaan, ty\u00f6kalut kehitykseen ja avun kasvun suunnitteluun. Lataa opas!","og_url":"https:\/\/y4works.fi\/fi\/kohti-strategista-kasvua-opas\/","og_site_name":"Y4 Works","article_publisher":"https:\/\/www.facebook.com\/Y4works\/","article_modified_time":"2023-11-07T13:38:21+00:00","og_image":[{"url":"https:\/\/y4works.fi\/wp-content\/uploads\/2023\/10\/Y4-1080x1080-copy-22-1-1024x1024.png","type":"","width":"","height":""}],"twitter_card":"summary_large_image","twitter_site":"@y4works","twitter_misc":{"Arvioitu lukuaika":"1 minuutti"},"schema":{"@context":"https:\/\/schema.org","@graph":[{"@type":"WebPage","@id":"https:\/\/y4works.fi\/fi\/kohti-strategista-kasvua-opas\/","url":"https:\/\/y4works.fi\/fi\/kohti-strategista-kasvua-opas\/","name":"Kohti strategista kasvua - lataa opas - Y4 Works","isPartOf":{"@id":"https:\/\/y4works.fi\/fi\/#website"},"primaryImageOfPage":{"@id":"https:\/\/y4works.fi\/fi\/kohti-strategista-kasvua-opas\/#primaryimage"},"image":{"@id":"https:\/\/y4works.fi\/fi\/kohti-strategista-kasvua-opas\/#primaryimage"},"thumbnailUrl":"https:\/\/y4works.fi\/wp-content\/uploads\/2023\/10\/Y4-1080x1080-copy-22-1-1024x1024.png","datePublished":"2023-11-06T11:02:06+00:00","dateModified":"2023-11-07T13:38:21+00:00","description":"Kohti strategista kasvua -opas antaa ymm\u00e4rryst\u00e4 yrityksesi nykytilaan, ty\u00f6kalut kehitykseen ja avun kasvun suunnitteluun. Lataa opas!","breadcrumb":{"@id":"https:\/\/y4works.fi\/fi\/kohti-strategista-kasvua-opas\/#breadcrumb"},"inLanguage":"fi","potentialAction":[{"@type":"ReadAction","target":["https:\/\/y4works.fi\/fi\/kohti-strategista-kasvua-opas\/"]}]},{"@type":"ImageObject","inLanguage":"fi","@id":"https:\/\/y4works.fi\/fi\/kohti-strategista-kasvua-opas\/#primaryimage","url":"https:\/\/y4works.fi\/wp-content\/uploads\/2023\/10\/Y4-1080x1080-copy-22-1-1024x1024.png","contentUrl":"https:\/\/y4works.fi\/wp-content\/uploads\/2023\/10\/Y4-1080x1080-copy-22-1-1024x1024.png"},{"@type":"BreadcrumbList","@id":"https:\/\/y4works.fi\/fi\/kohti-strategista-kasvua-opas\/#breadcrumb","itemListElement":[{"@type":"ListItem","position":1,"name":"Home","item":"https:\/\/y4works.fi\/fi\/"},{"@type":"ListItem","position":2,"name":"Kohti strategista kasvua &#8211; lataa opas"}]},{"@type":"WebSite","@id":"https:\/\/y4works.fi\/fi\/#website","url":"https:\/\/y4works.fi\/fi\/","name":"Y4 Works","description":"Uuden sukupolven yritys- ja urapalvelut","publisher":{"@id":"https:\/\/y4works.fi\/fi\/#organization"},"potentialAction":[{"@type":"SearchAction","target":{"@type":"EntryPoint","urlTemplate":"https:\/\/y4works.fi\/fi\/?s={search_term_string}"},"query-input":{"@type":"PropertyValueSpecification","valueRequired":true,"valueName":"search_term_string"}}],"inLanguage":"fi"},{"@type":"Organization","@id":"https:\/\/y4works.fi\/fi\/#organization","name":"Y4 Works","url":"https:\/\/y4works.fi\/fi\/","logo":{"@type":"ImageObject","inLanguage":"fi","@id":"https:\/\/y4works.fi\/fi\/#\/schema\/logo\/image\/","url":"https:\/\/y4works.fi\/wp-content\/uploads\/2021\/08\/Y4-logo.png","contentUrl":"https:\/\/y4works.fi\/wp-content\/uploads\/2021\/08\/Y4-logo.png","width":2621,"height":1578,"caption":"Y4 Works"},"image":{"@id":"https:\/\/y4works.fi\/fi\/#\/schema\/logo\/image\/"},"sameAs":["https:\/\/www.facebook.com\/Y4works\/","https:\/\/x.com\/y4works","https:\/\/www.instagram.com\/y4works\/","https:\/\/www.linkedin.com\/company\/y4\/","https:\/\/www.youtube.com\/channel\/UC5dIR_5FPOK1spC2G7LQelg"]}]}},"_links":{"self":[{"href":"https:\/\/y4works.fi\/fi\/wp-json\/wp\/v2\/pages\/18037","targetHints":{"allow":["GET"]}}],"collection":[{"href":"https:\/\/y4works.fi\/fi\/wp-json\/wp\/v2\/pages"}],"about":[{"href":"https:\/\/y4works.fi\/fi\/wp-json\/wp\/v2\/types\/page"}],"author":[{"embeddable":true,"href":"https:\/\/y4works.fi\/fi\/wp-json\/wp\/v2\/users\/131"}],"replies":[{"embeddable":true,"href":"https:\/\/y4works.fi\/fi\/wp-json\/wp\/v2\/comments?post=18037"}],"version-history":[{"count":0,"href":"https:\/\/y4works.fi\/fi\/wp-json\/wp\/v2\/pages\/18037\/revisions"}],"wp:attachment":[{"href":"https:\/\/y4works.fi\/fi\/wp-json\/wp\/v2\/media?parent=18037"}],"curies":[{"name":"wp","href":"https:\/\/api.w.org\/{rel}","templated":true}]}}