{"id":5894,"date":"2021-09-24T23:10:25","date_gmt":"2021-09-24T20:10:25","guid":{"rendered":"https:\/\/y4works.fi\/?page_id=5894"},"modified":"2024-02-20T15:34:46","modified_gmt":"2024-02-20T12:34:46","slug":"blogit","status":"publish","type":"page","link":"https:\/\/y4works.fi\/fi\/blogit\/","title":{"rendered":"Blogit"},"content":{"rendered":"\t\t<div data-elementor-type=\"wp-page\" data-elementor-id=\"5894\" class=\"elementor elementor-5894\" data-elementor-post-type=\"page\">\n\t\t\t\t\t\t<section class=\"elementor-section elementor-top-section elementor-element elementor-element-33d8053a elementor-section-content-middle elementor-section-boxed elementor-section-height-default elementor-section-height-default\" data-id=\"33d8053a\" data-element_type=\"section\" data-e-type=\"section\" data-settings=\"{&quot;background_background&quot;:&quot;classic&quot;}\">\n\t\t\t\t\t\t\t<div class=\"elementor-background-overlay\"><\/div>\n\t\t\t\t\t\t\t<div class=\"elementor-container elementor-column-gap-wider\">\n\t\t\t\t\t<div class=\"elementor-column elementor-col-50 elementor-top-column elementor-element elementor-element-523b6f0b\" data-id=\"523b6f0b\" data-element_type=\"column\" data-e-type=\"column\">\n\t\t\t<div class=\"elementor-widget-wrap elementor-element-populated\">\n\t\t\t\t\t\t<div class=\"elementor-element elementor-element-1affd31f elementor-widget elementor-widget-heading\" data-id=\"1affd31f\" data-element_type=\"widget\" data-e-type=\"widget\" data-widget_type=\"heading.default\">\n\t\t\t\t<div class=\"elementor-widget-container\">\n\t\t\t\t\t<h1 class=\"elementor-heading-title elementor-size-default\">Blogit<\/h1>\t\t\t\t<\/div>\n\t\t\t\t<\/div>\n\t\t\t\t<div class=\"elementor-element elementor-element-60287059 elementor-widget elementor-widget-heading\" data-id=\"60287059\" data-element_type=\"widget\" data-e-type=\"widget\" data-widget_type=\"heading.default\">\n\t\t\t\t<div class=\"elementor-widget-container\">\n\t\t\t\t\t<h3 class=\"elementor-heading-title elementor-size-default\">Ajatuksiamme yritt\u00e4jyydest\u00e4, bisneksest\u00e4 ja (ty\u00f6)el\u00e4m\u00e4st\u00e4.<\/h3>\t\t\t\t<\/div>\n\t\t\t\t<\/div>\n\t\t\t\t\t<\/div>\n\t\t<\/div>\n\t\t\t\t<div class=\"elementor-column elementor-col-50 elementor-top-column elementor-element elementor-element-3e67f80c\" data-id=\"3e67f80c\" data-element_type=\"column\" data-e-type=\"column\">\n\t\t\t<div class=\"elementor-widget-wrap\">\n\t\t\t\t\t\t\t<\/div>\n\t\t<\/div>\n\t\t\t\t\t<\/div>\n\t\t<\/section>\n\t\t\t\t<section class=\"elementor-section elementor-top-section elementor-element elementor-element-7207a39 elementor-section-full_width elementor-section-height-default elementor-section-height-default\" data-id=\"7207a39\" data-element_type=\"section\" data-e-type=\"section\" data-settings=\"{&quot;background_background&quot;:&quot;classic&quot;}\">\n\t\t\t\t\t\t<div class=\"elementor-container elementor-column-gap-wider\">\n\t\t\t\t\t<div class=\"elementor-column elementor-col-100 elementor-top-column elementor-element elementor-element-c975990\" data-id=\"c975990\" data-element_type=\"column\" data-e-type=\"column\">\n\t\t\t<div class=\"elementor-widget-wrap elementor-element-populated\">\n\t\t\t\t\t\t\t<\/div>\n\t\t<\/div>\n\t\t\t\t\t<\/div>\n\t\t<\/section>\n\t\t\t\t<section class=\"elementor-section elementor-top-section elementor-element elementor-element-96ce5d3 elementor-section-content-middle elementor-section-boxed elementor-section-height-default elementor-section-height-default\" data-id=\"96ce5d3\" data-element_type=\"section\" data-e-type=\"section\" data-settings=\"{&quot;background_background&quot;:&quot;classic&quot;}\">\n\t\t\t\t\t\t\t<div class=\"elementor-background-overlay\"><\/div>\n\t\t\t\t\t\t\t<div class=\"elementor-container elementor-column-gap-wider\">\n\t\t\t\t\t<div class=\"elementor-column elementor-col-50 elementor-top-column elementor-element elementor-element-bdf08fa\" data-id=\"bdf08fa\" data-element_type=\"column\" data-e-type=\"column\">\n\t\t\t<div class=\"elementor-widget-wrap elementor-element-populated\">\n\t\t\t\t\t\t<div class=\"elementor-element elementor-element-971fb57 elementor-widget elementor-widget-heading\" data-id=\"971fb57\" data-element_type=\"widget\" data-e-type=\"widget\" data-widget_type=\"heading.default\">\n\t\t\t\t<div class=\"elementor-widget-container\">\n\t\t\t\t\t<h2 class=\"elementor-heading-title elementor-size-default\">Y4 Insights<\/h2>\t\t\t\t<\/div>\n\t\t\t\t<\/div>\n\t\t\t\t<div class=\"elementor-element elementor-element-2544961 elementor-widget elementor-widget-heading\" data-id=\"2544961\" data-element_type=\"widget\" data-e-type=\"widget\" data-widget_type=\"heading.default\">\n\t\t\t\t<div class=\"elementor-widget-container\">\n\t\t\t\t\t<h2 class=\"elementor-heading-title elementor-size-default\">\nY4 Insights\nHaluatko saada parhaat neuvot liiketoiminnan kehitt\u00e4miseen ja asiantuntijoiden erinomaiset vinkit yritystoiminnan eri osa-alueille? Tilaa n\u00e4kemyksemme s\u00e4hk\u00f6postiisi ja pysy ajan tasalla yritysmaailman k\u00e4\u00e4nteist\u00e4.<\/h2>\t\t\t\t<\/div>\n\t\t\t\t<\/div>\n\t\t\t\t\t<\/div>\n\t\t<\/div>\n\t\t\t\t<div class=\"elementor-column elementor-col-50 elementor-top-column elementor-element elementor-element-e2031f5\" data-id=\"e2031f5\" data-element_type=\"column\" data-e-type=\"column\">\n\t\t\t<div class=\"elementor-widget-wrap elementor-element-populated\">\n\t\t\t\t\t\t<div class=\"elementor-element elementor-element-8d022cd elementor-widget elementor-widget-shortcode\" data-id=\"8d022cd\" data-element_type=\"widget\" data-e-type=\"widget\" data-widget_type=\"shortcode.default\">\n\t\t\t\t<div class=\"elementor-widget-container\">\n\t\t\t\t\t\t\t<div class=\"elementor-shortcode\"><iframe src=\"https:\/\/y.y4works.fi\/l\/1030681\/2023-09-07\/4894i\" width=\"100%\" height=\"225\" type=\"text\/html\" frameborder=\"0\" allowTransparency=\"true\" style=\"border: 0\"><\/iframe><\/div>\n\t\t\t\t\t\t<\/div>\n\t\t\t\t<\/div>\n\t\t\t\t<div class=\"elementor-element elementor-element-28e5f5c elementor-widget elementor-widget-text-editor\" data-id=\"28e5f5c\" data-element_type=\"widget\" data-e-type=\"widget\" data-widget_type=\"text-editor.default\">\n\t\t\t\t<div class=\"elementor-widget-container\">\n\t\t\t\t\t\t\t\t\t<p>L\u00e4hett\u00e4m\u00e4ll\u00e4 lomakkeen hyv\u00e4ksyt tietojesi k\u00e4ytt\u00e4misen Y4 Worksin\u00a0<a href=\"https:\/\/y4works.fi\/fi\/tietosuoja\" target=\"_top\">tietosuojan<\/a>\u00a0mukaisesti.<\/p>\t\t\t\t\t\t\t\t<\/div>\n\t\t\t\t<\/div>\n\t\t\t\t\t<\/div>\n\t\t<\/div>\n\t\t\t\t\t<\/div>\n\t\t<\/section>\n\t\t\t\t<\/div>\n\t\t","protected":false},"excerpt":{"rendered":"<p>Blogit Ajatuksiamme yritt\u00e4jyydest\u00e4, bisneksest\u00e4 ja (ty\u00f6)el\u00e4m\u00e4st\u00e4. Y4 Insights Y4 Insights Haluatko saada parhaat neuvot liiketoiminnan kehitt\u00e4miseen ja asiantuntijoiden erinomaiset vinkit yritystoiminnan eri osa-alueille? Tilaa n\u00e4kemyksemme s\u00e4hk\u00f6postiisi ja pysy ajan tasalla yritysmaailman k\u00e4\u00e4nteist\u00e4. L\u00e4hett\u00e4m\u00e4ll\u00e4 lomakkeen hyv\u00e4ksyt tietojesi k\u00e4ytt\u00e4misen Y4 Worksin\u00a0tietosuojan\u00a0mukaisesti.<\/p>\n","protected":false},"author":131,"featured_media":1725,"parent":0,"menu_order":0,"comment_status":"closed","ping_status":"closed","template":"elementor_header_footer","meta":{"_acf_changed":false,"footnotes":""},"class_list":["post-5894","page","type-page","status-publish","has-post-thumbnail","hentry"],"acf":[],"yoast_head":"<!-- This site is optimized with the Yoast SEO plugin v27.5 - https:\/\/yoast.com\/product\/yoast-seo-wordpress\/ -->\n<title>Blogit - Y4 Works<\/title>\n<meta name=\"description\" content=\"Ajatuksiamme yritt\u00e4jyydest\u00e4, bisneksest\u00e4 ja (ty\u00f6)el\u00e4m\u00e4st\u00e4. Lue ajankohtaiset trendit, vinkit ja uutiset blogeistamme.\" \/>\n<meta name=\"robots\" content=\"index, follow, max-snippet:-1, max-image-preview:large, max-video-preview:-1\" \/>\n<link rel=\"canonical\" href=\"https:\/\/y4works.fi\/fi\/blogit\/\" \/>\n<meta property=\"og:locale\" content=\"fi_FI\" \/>\n<meta property=\"og:type\" content=\"article\" \/>\n<meta property=\"og:title\" content=\"Blogit - Y4 Works\" \/>\n<meta property=\"og:description\" content=\"Ajatuksiamme yritt\u00e4jyydest\u00e4, bisneksest\u00e4 ja (ty\u00f6)el\u00e4m\u00e4st\u00e4. Lue ajankohtaiset trendit, vinkit ja uutiset blogeistamme.\" \/>\n<meta property=\"og:url\" content=\"https:\/\/y4works.fi\/fi\/blogit\/\" \/>\n<meta property=\"og:site_name\" content=\"Y4 Works\" \/>\n<meta property=\"article:publisher\" content=\"https:\/\/www.facebook.com\/Y4works\/\" \/>\n<meta property=\"article:modified_time\" content=\"2024-02-20T12:34:46+00:00\" \/>\n<meta property=\"og:image\" content=\"https:\/\/y4works.fi\/wp-content\/uploads\/2021\/02\/Y4-Favicon-colour.png\" \/>\n\t<meta property=\"og:image:width\" content=\"512\" \/>\n\t<meta property=\"og:image:height\" content=\"512\" \/>\n\t<meta property=\"og:image:type\" content=\"image\/png\" \/>\n<meta name=\"twitter:card\" content=\"summary_large_image\" \/>\n<meta name=\"twitter:site\" content=\"@y4works\" \/>\n<meta name=\"twitter:label1\" content=\"Arvioitu lukuaika\" \/>\n\t<meta name=\"twitter:data1\" content=\"4 minuuttia\" \/>\n<script type=\"application\/ld+json\" class=\"yoast-schema-graph\">{\"@context\":\"https:\\\/\\\/schema.org\",\"@graph\":[{\"@type\":\"WebPage\",\"@id\":\"https:\\\/\\\/y4works.fi\\\/fi\\\/blogit\\\/\",\"url\":\"https:\\\/\\\/y4works.fi\\\/fi\\\/blogit\\\/\",\"name\":\"Blogit - Y4 Works\",\"isPartOf\":{\"@id\":\"https:\\\/\\\/y4works.fi\\\/fi\\\/#website\"},\"primaryImageOfPage\":{\"@id\":\"https:\\\/\\\/y4works.fi\\\/fi\\\/blogit\\\/#primaryimage\"},\"image\":{\"@id\":\"https:\\\/\\\/y4works.fi\\\/fi\\\/blogit\\\/#primaryimage\"},\"thumbnailUrl\":\"https:\\\/\\\/y4works.fi\\\/wp-content\\\/uploads\\\/2021\\\/02\\\/Y4-Favicon-colour.png\",\"datePublished\":\"2021-09-24T20:10:25+00:00\",\"dateModified\":\"2024-02-20T12:34:46+00:00\",\"description\":\"Ajatuksiamme yritt\u00e4jyydest\u00e4, bisneksest\u00e4 ja (ty\u00f6)el\u00e4m\u00e4st\u00e4. Lue ajankohtaiset trendit, vinkit ja uutiset blogeistamme.\",\"breadcrumb\":{\"@id\":\"https:\\\/\\\/y4works.fi\\\/fi\\\/blogit\\\/#breadcrumb\"},\"inLanguage\":\"fi\",\"potentialAction\":[{\"@type\":\"ReadAction\",\"target\":[\"https:\\\/\\\/y4works.fi\\\/fi\\\/blogit\\\/\"]}]},{\"@type\":\"ImageObject\",\"inLanguage\":\"fi\",\"@id\":\"https:\\\/\\\/y4works.fi\\\/fi\\\/blogit\\\/#primaryimage\",\"url\":\"https:\\\/\\\/y4works.fi\\\/wp-content\\\/uploads\\\/2021\\\/02\\\/Y4-Favicon-colour.png\",\"contentUrl\":\"https:\\\/\\\/y4works.fi\\\/wp-content\\\/uploads\\\/2021\\\/02\\\/Y4-Favicon-colour.png\",\"width\":512,\"height\":512,\"caption\":\"Y4 Works blogit\"},{\"@type\":\"BreadcrumbList\",\"@id\":\"https:\\\/\\\/y4works.fi\\\/fi\\\/blogit\\\/#breadcrumb\",\"itemListElement\":[{\"@type\":\"ListItem\",\"position\":1,\"name\":\"Home\",\"item\":\"https:\\\/\\\/y4works.fi\\\/fi\\\/\"},{\"@type\":\"ListItem\",\"position\":2,\"name\":\"Blogit\"}]},{\"@type\":\"WebSite\",\"@id\":\"https:\\\/\\\/y4works.fi\\\/fi\\\/#website\",\"url\":\"https:\\\/\\\/y4works.fi\\\/fi\\\/\",\"name\":\"Y4 Works\",\"description\":\"Uuden sukupolven yritys- ja urapalvelut\",\"publisher\":{\"@id\":\"https:\\\/\\\/y4works.fi\\\/fi\\\/#organization\"},\"potentialAction\":[{\"@type\":\"SearchAction\",\"target\":{\"@type\":\"EntryPoint\",\"urlTemplate\":\"https:\\\/\\\/y4works.fi\\\/fi\\\/?s={search_term_string}\"},\"query-input\":{\"@type\":\"PropertyValueSpecification\",\"valueRequired\":true,\"valueName\":\"search_term_string\"}}],\"inLanguage\":\"fi\"},{\"@type\":\"Organization\",\"@id\":\"https:\\\/\\\/y4works.fi\\\/fi\\\/#organization\",\"name\":\"Y4 Works\",\"url\":\"https:\\\/\\\/y4works.fi\\\/fi\\\/\",\"logo\":{\"@type\":\"ImageObject\",\"inLanguage\":\"fi\",\"@id\":\"https:\\\/\\\/y4works.fi\\\/fi\\\/#\\\/schema\\\/logo\\\/image\\\/\",\"url\":\"https:\\\/\\\/y4works.fi\\\/wp-content\\\/uploads\\\/2021\\\/08\\\/Y4-logo.png\",\"contentUrl\":\"https:\\\/\\\/y4works.fi\\\/wp-content\\\/uploads\\\/2021\\\/08\\\/Y4-logo.png\",\"width\":2621,\"height\":1578,\"caption\":\"Y4 Works\"},\"image\":{\"@id\":\"https:\\\/\\\/y4works.fi\\\/fi\\\/#\\\/schema\\\/logo\\\/image\\\/\"},\"sameAs\":[\"https:\\\/\\\/www.facebook.com\\\/Y4works\\\/\",\"https:\\\/\\\/x.com\\\/y4works\",\"https:\\\/\\\/www.instagram.com\\\/y4works\\\/\",\"https:\\\/\\\/www.linkedin.com\\\/company\\\/y4\\\/\",\"https:\\\/\\\/www.youtube.com\\\/channel\\\/UC5dIR_5FPOK1spC2G7LQelg\"]}]}<\/script>\n<!-- \/ Yoast SEO plugin. -->","yoast_head_json":{"title":"Blogit - Y4 Works","description":"Ajatuksiamme yritt\u00e4jyydest\u00e4, bisneksest\u00e4 ja (ty\u00f6)el\u00e4m\u00e4st\u00e4. Lue ajankohtaiset trendit, vinkit ja uutiset blogeistamme.","robots":{"index":"index","follow":"follow","max-snippet":"max-snippet:-1","max-image-preview":"max-image-preview:large","max-video-preview":"max-video-preview:-1"},"canonical":"https:\/\/y4works.fi\/fi\/blogit\/","og_locale":"fi_FI","og_type":"article","og_title":"Blogit - Y4 Works","og_description":"Ajatuksiamme yritt\u00e4jyydest\u00e4, bisneksest\u00e4 ja (ty\u00f6)el\u00e4m\u00e4st\u00e4. Lue ajankohtaiset trendit, vinkit ja uutiset blogeistamme.","og_url":"https:\/\/y4works.fi\/fi\/blogit\/","og_site_name":"Y4 Works","article_publisher":"https:\/\/www.facebook.com\/Y4works\/","article_modified_time":"2024-02-20T12:34:46+00:00","og_image":[{"width":512,"height":512,"url":"https:\/\/y4works.fi\/wp-content\/uploads\/2021\/02\/Y4-Favicon-colour.png","type":"image\/png"}],"twitter_card":"summary_large_image","twitter_site":"@y4works","twitter_misc":{"Arvioitu lukuaika":"4 minuuttia"},"schema":{"@context":"https:\/\/schema.org","@graph":[{"@type":"WebPage","@id":"https:\/\/y4works.fi\/fi\/blogit\/","url":"https:\/\/y4works.fi\/fi\/blogit\/","name":"Blogit - Y4 Works","isPartOf":{"@id":"https:\/\/y4works.fi\/fi\/#website"},"primaryImageOfPage":{"@id":"https:\/\/y4works.fi\/fi\/blogit\/#primaryimage"},"image":{"@id":"https:\/\/y4works.fi\/fi\/blogit\/#primaryimage"},"thumbnailUrl":"https:\/\/y4works.fi\/wp-content\/uploads\/2021\/02\/Y4-Favicon-colour.png","datePublished":"2021-09-24T20:10:25+00:00","dateModified":"2024-02-20T12:34:46+00:00","description":"Ajatuksiamme yritt\u00e4jyydest\u00e4, bisneksest\u00e4 ja (ty\u00f6)el\u00e4m\u00e4st\u00e4. Lue ajankohtaiset trendit, vinkit ja uutiset blogeistamme.","breadcrumb":{"@id":"https:\/\/y4works.fi\/fi\/blogit\/#breadcrumb"},"inLanguage":"fi","potentialAction":[{"@type":"ReadAction","target":["https:\/\/y4works.fi\/fi\/blogit\/"]}]},{"@type":"ImageObject","inLanguage":"fi","@id":"https:\/\/y4works.fi\/fi\/blogit\/#primaryimage","url":"https:\/\/y4works.fi\/wp-content\/uploads\/2021\/02\/Y4-Favicon-colour.png","contentUrl":"https:\/\/y4works.fi\/wp-content\/uploads\/2021\/02\/Y4-Favicon-colour.png","width":512,"height":512,"caption":"Y4 Works blogit"},{"@type":"BreadcrumbList","@id":"https:\/\/y4works.fi\/fi\/blogit\/#breadcrumb","itemListElement":[{"@type":"ListItem","position":1,"name":"Home","item":"https:\/\/y4works.fi\/fi\/"},{"@type":"ListItem","position":2,"name":"Blogit"}]},{"@type":"WebSite","@id":"https:\/\/y4works.fi\/fi\/#website","url":"https:\/\/y4works.fi\/fi\/","name":"Y4 Works","description":"Uuden sukupolven yritys- ja urapalvelut","publisher":{"@id":"https:\/\/y4works.fi\/fi\/#organization"},"potentialAction":[{"@type":"SearchAction","target":{"@type":"EntryPoint","urlTemplate":"https:\/\/y4works.fi\/fi\/?s={search_term_string}"},"query-input":{"@type":"PropertyValueSpecification","valueRequired":true,"valueName":"search_term_string"}}],"inLanguage":"fi"},{"@type":"Organization","@id":"https:\/\/y4works.fi\/fi\/#organization","name":"Y4 Works","url":"https:\/\/y4works.fi\/fi\/","logo":{"@type":"ImageObject","inLanguage":"fi","@id":"https:\/\/y4works.fi\/fi\/#\/schema\/logo\/image\/","url":"https:\/\/y4works.fi\/wp-content\/uploads\/2021\/08\/Y4-logo.png","contentUrl":"https:\/\/y4works.fi\/wp-content\/uploads\/2021\/08\/Y4-logo.png","width":2621,"height":1578,"caption":"Y4 Works"},"image":{"@id":"https:\/\/y4works.fi\/fi\/#\/schema\/logo\/image\/"},"sameAs":["https:\/\/www.facebook.com\/Y4works\/","https:\/\/x.com\/y4works","https:\/\/www.instagram.com\/y4works\/","https:\/\/www.linkedin.com\/company\/y4\/","https:\/\/www.youtube.com\/channel\/UC5dIR_5FPOK1spC2G7LQelg"]}]}},"_links":{"self":[{"href":"https:\/\/y4works.fi\/fi\/wp-json\/wp\/v2\/pages\/5894","targetHints":{"allow":["GET"]}}],"collection":[{"href":"https:\/\/y4works.fi\/fi\/wp-json\/wp\/v2\/pages"}],"about":[{"href":"https:\/\/y4works.fi\/fi\/wp-json\/wp\/v2\/types\/page"}],"author":[{"embeddable":true,"href":"https:\/\/y4works.fi\/fi\/wp-json\/wp\/v2\/users\/131"}],"replies":[{"embeddable":true,"href":"https:\/\/y4works.fi\/fi\/wp-json\/wp\/v2\/comments?post=5894"}],"version-history":[{"count":0,"href":"https:\/\/y4works.fi\/fi\/wp-json\/wp\/v2\/pages\/5894\/revisions"}],"wp:featuredmedia":[{"embeddable":true,"href":"https:\/\/y4works.fi\/fi\/wp-json\/wp\/v2\/media\/1725"}],"wp:attachment":[{"href":"https:\/\/y4works.fi\/fi\/wp-json\/wp\/v2\/media?parent=5894"}],"curies":[{"name":"wp","href":"https:\/\/api.w.org\/{rel}","templated":true}]}}