{"id":6650,"date":"2021-09-26T16:05:53","date_gmt":"2021-09-26T13:05:53","guid":{"rendered":"https:\/\/y4works.fi\/?page_id=6650"},"modified":"2023-09-07T09:10:37","modified_gmt":"2023-09-07T06:10:37","slug":"uutiskirje","status":"publish","type":"page","link":"https:\/\/y4works.fi\/fi\/uutiskirje\/","title":{"rendered":"Uutiskirje"},"content":{"rendered":"\t\t<div data-elementor-type=\"wp-page\" data-elementor-id=\"6650\" class=\"elementor elementor-6650\" data-elementor-post-type=\"page\">\n\t\t\t\t\t\t<section class=\"elementor-section elementor-top-section elementor-element elementor-element-d14e161 elementor-section-content-middle elementor-section-boxed elementor-section-height-default elementor-section-height-default\" data-id=\"d14e161\" data-element_type=\"section\" data-e-type=\"section\" data-settings=\"{&quot;background_background&quot;:&quot;classic&quot;}\">\n\t\t\t\t\t\t\t<div class=\"elementor-background-overlay\"><\/div>\n\t\t\t\t\t\t\t<div class=\"elementor-container elementor-column-gap-wider\">\n\t\t\t\t\t<div class=\"elementor-column elementor-col-50 elementor-top-column elementor-element elementor-element-355c475\" data-id=\"355c475\" data-element_type=\"column\" data-e-type=\"column\">\n\t\t\t<div class=\"elementor-widget-wrap elementor-element-populated\">\n\t\t\t\t\t\t<div class=\"elementor-element elementor-element-11b875e elementor-widget elementor-widget-heading\" data-id=\"11b875e\" data-element_type=\"widget\" data-e-type=\"widget\" data-widget_type=\"heading.default\">\n\t\t\t\t<div class=\"elementor-widget-container\">\n\t\t\t\t\t<h2 class=\"elementor-heading-title elementor-size-default\">Y4 Insights<\/h2>\t\t\t\t<\/div>\n\t\t\t\t<\/div>\n\t\t\t\t<div class=\"elementor-element elementor-element-ac9aaf1 elementor-widget elementor-widget-heading\" data-id=\"ac9aaf1\" data-element_type=\"widget\" data-e-type=\"widget\" data-widget_type=\"heading.default\">\n\t\t\t\t<div class=\"elementor-widget-container\">\n\t\t\t\t\t<h2 class=\"elementor-heading-title elementor-size-default\">Haluatko saada parhaat neuvot liiketoiminnan kehitt\u00e4miseen ja asiantuntijoiden erinomaiset vinkit yritystoiminnan eri osa-alueille? Tilaa n\u00e4kemyksemme s\u00e4hk\u00f6postiisi ja pysy ajan tasalla yritysmaailman k\u00e4\u00e4nteist\u00e4.<\/h2>\t\t\t\t<\/div>\n\t\t\t\t<\/div>\n\t\t\t\t\t<\/div>\n\t\t<\/div>\n\t\t\t\t<div class=\"elementor-column elementor-col-50 elementor-top-column elementor-element elementor-element-ecba98a\" data-id=\"ecba98a\" data-element_type=\"column\" data-e-type=\"column\">\n\t\t\t<div class=\"elementor-widget-wrap elementor-element-populated\">\n\t\t\t\t\t\t<div class=\"elementor-element elementor-element-ea18ef0 elementor-button-align-start elementor-hidden-desktop elementor-hidden-tablet elementor-hidden-mobile elementor-widget elementor-widget-form\" data-id=\"ea18ef0\" data-element_type=\"widget\" data-e-type=\"widget\" data-settings=\"{&quot;step_next_label&quot;:&quot;Seuraava&quot;,&quot;step_previous_label&quot;:&quot;Edellinen&quot;,&quot;button_width&quot;:&quot;100&quot;,&quot;step_type&quot;:&quot;number_text&quot;,&quot;step_icon_shape&quot;:&quot;circle&quot;}\" data-widget_type=\"form.default\">\n\t\t\t\t<div class=\"elementor-widget-container\">\n\t\t\t\t\t\t\t<form class=\"elementor-form\" method=\"post\" name=\"Uutiskirje-lomake\" aria-label=\"Uutiskirje-lomake\">\n\t\t\t<input type=\"hidden\" name=\"post_id\" value=\"6650\"\/>\n\t\t\t<input type=\"hidden\" name=\"form_id\" value=\"ea18ef0\"\/>\n\t\t\t<input type=\"hidden\" name=\"referer_title\" value=\"Y4 Works\" \/>\n\n\t\t\t\n\t\t\t<div class=\"elementor-form-fields-wrapper elementor-labels-above\">\n\t\t\t\t\t\t\t\t<div class=\"elementor-field-type-email elementor-field-group elementor-column elementor-field-group-email elementor-col-100 elementor-field-required\">\n\t\t\t\t\t\t\t\t\t\t\t\t<label for=\"form-field-email\" class=\"elementor-field-label\">\n\t\t\t\t\t\t\t\tS\u00e4hk\u00f6postiosoite\t\t\t\t\t\t\t<\/label>\n\t\t\t\t\t\t\t\t\t\t\t\t\t\t<input size=\"1\" type=\"email\" name=\"form_fields[email]\" id=\"form-field-email\" class=\"elementor-field elementor-size-xs  elementor-field-textual\" required=\"required\">\n\t\t\t\t\t\t\t\t\t\t\t<\/div>\n\t\t\t\t\t\t\t\t<div class=\"elementor-field-type-acceptance elementor-field-group elementor-column elementor-field-group-field_aaf302c elementor-col-100 elementor-field-required\">\n\t\t\t\t\t\t\t<div class=\"elementor-field-subgroup\">\n\t\t\t<span class=\"elementor-field-option\">\n\t\t\t\t<input type=\"checkbox\" name=\"form_fields[field_aaf302c]\" id=\"form-field-field_aaf302c\" class=\"elementor-field elementor-size-xs  elementor-acceptance-field\" required=\"required\">\n\t\t\t\t<label for=\"form-field-field_aaf302c\">Hyv\u00e4ksyn tietojeni k\u00e4ytt\u00e4misen Y4 Worksin tietosuojan* mukaisesti. <\/label>\t\t\t<\/span>\n\t\t<\/div>\n\t\t\t\t\t\t<\/div>\n\t\t\t\t\t\t\t\t<div class=\"elementor-field-group elementor-column elementor-field-type-submit elementor-col-100 e-form__buttons\">\n\t\t\t\t\t<button class=\"elementor-button elementor-size-sm\" type=\"submit\">\n\t\t\t\t\t\t<span class=\"elementor-button-content-wrapper\">\n\t\t\t\t\t\t\t\t\t\t\t\t\t\t\t\t\t\t\t\t\t\t<span class=\"elementor-button-text\">Tilaa uutiskirje<\/span>\n\t\t\t\t\t\t\t\t\t\t\t\t\t<\/span>\n\t\t\t\t\t<\/button>\n\t\t\t\t<\/div>\n\t\t\t<\/div>\n\t\t<\/form>\n\t\t\t\t\t\t<\/div>\n\t\t\t\t<\/div>\n\t\t\t\t<div class=\"elementor-element elementor-element-91f5d3f elementor-widget elementor-widget-shortcode\" data-id=\"91f5d3f\" data-element_type=\"widget\" data-e-type=\"widget\" data-widget_type=\"shortcode.default\">\n\t\t\t\t<div class=\"elementor-widget-container\">\n\t\t\t\t\t\t\t<div class=\"elementor-shortcode\"><iframe src=\"https:\/\/y.y4works.fi\/l\/1030681\/2023-09-07\/4894i\" width=\"100%\" height=\"200\" type=\"text\/html\" frameborder=\"0\" allowTransparency=\"true\" style=\"border: 0\"><\/iframe><\/div>\n\t\t\t\t\t\t<\/div>\n\t\t\t\t<\/div>\n\t\t\t\t<div class=\"elementor-element elementor-element-20b2a23 elementor-widget elementor-widget-text-editor\" data-id=\"20b2a23\" data-element_type=\"widget\" data-e-type=\"widget\" data-widget_type=\"text-editor.default\">\n\t\t\t\t<div class=\"elementor-widget-container\">\n\t\t\t\t\t\t\t\t\t<p>L\u00e4hett\u00e4m\u00e4ll\u00e4 lomakkeen hyv\u00e4ksyt tietojesi k\u00e4ytt\u00e4misen Y4 Worksin\u00a0<a href=\"http:\/\/y4works.fi\/fi\/tietosuoja\" target=\"_top\">tietosuojan<\/a> mukaisesti.<\/p>\t\t\t\t\t\t\t\t<\/div>\n\t\t\t\t<\/div>\n\t\t\t\t\t<\/div>\n\t\t<\/div>\n\t\t\t\t\t<\/div>\n\t\t<\/section>\n\t\t\t\t<\/div>\n\t\t","protected":false},"excerpt":{"rendered":"<p>Y4 Insights Haluatko saada parhaat neuvot liiketoiminnan kehitt\u00e4miseen ja asiantuntijoiden erinomaiset vinkit yritystoiminnan eri osa-alueille? Tilaa n\u00e4kemyksemme s\u00e4hk\u00f6postiisi ja pysy ajan tasalla yritysmaailman k\u00e4\u00e4nteist\u00e4. L\u00e4hett\u00e4m\u00e4ll\u00e4 lomakkeen hyv\u00e4ksyt tietojesi k\u00e4ytt\u00e4misen Y4 Worksin\u00a0tietosuojan mukaisesti.<\/p>\n","protected":false},"author":131,"featured_media":1725,"parent":0,"menu_order":0,"comment_status":"closed","ping_status":"closed","template":"","meta":{"_acf_changed":false,"footnotes":""},"class_list":["post-6650","page","type-page","status-publish","has-post-thumbnail","hentry"],"acf":[],"yoast_head":"<!-- This site is optimized with the Yoast SEO plugin v27.6 - https:\/\/yoast.com\/product\/yoast-seo-wordpress\/ -->\n<title>Uutiskirje - Y4 Works<\/title>\n<meta name=\"description\" content=\"Uutiskirjeess\u00e4mme annamme vinkkej\u00e4 yritystoiminnan ja ty\u00f6el\u00e4m\u00e4n eri osa-alueisiin alansa parhailta asiantuntijoilta. Tilaa Y4 uutiskirje.\" \/>\n<meta name=\"robots\" content=\"index, follow, max-snippet:-1, max-image-preview:large, max-video-preview:-1\" \/>\n<link rel=\"canonical\" href=\"https:\/\/y4works.fi\/fi\/uutiskirje\/\" \/>\n<meta property=\"og:locale\" content=\"fi_FI\" \/>\n<meta property=\"og:type\" content=\"article\" \/>\n<meta property=\"og:title\" content=\"Uutiskirje - Y4 Works\" \/>\n<meta property=\"og:description\" content=\"Uutiskirjeess\u00e4mme annamme vinkkej\u00e4 yritystoiminnan ja ty\u00f6el\u00e4m\u00e4n eri osa-alueisiin alansa parhailta asiantuntijoilta. Tilaa Y4 uutiskirje.\" \/>\n<meta property=\"og:url\" content=\"https:\/\/y4works.fi\/fi\/uutiskirje\/\" \/>\n<meta property=\"og:site_name\" content=\"Y4 Works\" \/>\n<meta property=\"article:publisher\" content=\"https:\/\/www.facebook.com\/Y4works\/\" \/>\n<meta property=\"article:modified_time\" content=\"2023-09-07T06:10:37+00:00\" \/>\n<meta property=\"og:image\" content=\"https:\/\/y4works.fi\/wp-content\/uploads\/2021\/02\/Y4-Favicon-colour.png\" \/>\n\t<meta property=\"og:image:width\" content=\"512\" \/>\n\t<meta property=\"og:image:height\" content=\"512\" \/>\n\t<meta property=\"og:image:type\" content=\"image\/png\" \/>\n<meta name=\"twitter:card\" content=\"summary_large_image\" \/>\n<meta name=\"twitter:site\" content=\"@y4works\" \/>\n<meta name=\"twitter:label1\" content=\"Arvioitu lukuaika\" \/>\n\t<meta name=\"twitter:data1\" content=\"1 minuutti\" \/>\n<script type=\"application\/ld+json\" class=\"yoast-schema-graph\">{\"@context\":\"https:\\\/\\\/schema.org\",\"@graph\":[{\"@type\":\"WebPage\",\"@id\":\"https:\\\/\\\/y4works.fi\\\/fi\\\/uutiskirje\\\/\",\"url\":\"https:\\\/\\\/y4works.fi\\\/fi\\\/uutiskirje\\\/\",\"name\":\"Uutiskirje - Y4 Works\",\"isPartOf\":{\"@id\":\"https:\\\/\\\/y4works.fi\\\/fi\\\/#website\"},\"primaryImageOfPage\":{\"@id\":\"https:\\\/\\\/y4works.fi\\\/fi\\\/uutiskirje\\\/#primaryimage\"},\"image\":{\"@id\":\"https:\\\/\\\/y4works.fi\\\/fi\\\/uutiskirje\\\/#primaryimage\"},\"thumbnailUrl\":\"https:\\\/\\\/y4works.fi\\\/wp-content\\\/uploads\\\/2021\\\/02\\\/Y4-Favicon-colour.png\",\"datePublished\":\"2021-09-26T13:05:53+00:00\",\"dateModified\":\"2023-09-07T06:10:37+00:00\",\"description\":\"Uutiskirjeess\u00e4mme annamme vinkkej\u00e4 yritystoiminnan ja ty\u00f6el\u00e4m\u00e4n eri osa-alueisiin alansa parhailta asiantuntijoilta. Tilaa Y4 uutiskirje.\",\"breadcrumb\":{\"@id\":\"https:\\\/\\\/y4works.fi\\\/fi\\\/uutiskirje\\\/#breadcrumb\"},\"inLanguage\":\"fi\",\"potentialAction\":[{\"@type\":\"ReadAction\",\"target\":[\"https:\\\/\\\/y4works.fi\\\/fi\\\/uutiskirje\\\/\"]}]},{\"@type\":\"ImageObject\",\"inLanguage\":\"fi\",\"@id\":\"https:\\\/\\\/y4works.fi\\\/fi\\\/uutiskirje\\\/#primaryimage\",\"url\":\"https:\\\/\\\/y4works.fi\\\/wp-content\\\/uploads\\\/2021\\\/02\\\/Y4-Favicon-colour.png\",\"contentUrl\":\"https:\\\/\\\/y4works.fi\\\/wp-content\\\/uploads\\\/2021\\\/02\\\/Y4-Favicon-colour.png\",\"width\":512,\"height\":512,\"caption\":\"Y4 Works blogit\"},{\"@type\":\"BreadcrumbList\",\"@id\":\"https:\\\/\\\/y4works.fi\\\/fi\\\/uutiskirje\\\/#breadcrumb\",\"itemListElement\":[{\"@type\":\"ListItem\",\"position\":1,\"name\":\"Home\",\"item\":\"https:\\\/\\\/y4works.fi\\\/fi\\\/\"},{\"@type\":\"ListItem\",\"position\":2,\"name\":\"Uutiskirje\"}]},{\"@type\":\"WebSite\",\"@id\":\"https:\\\/\\\/y4works.fi\\\/fi\\\/#website\",\"url\":\"https:\\\/\\\/y4works.fi\\\/fi\\\/\",\"name\":\"Y4 Works\",\"description\":\"Uuden sukupolven yritys- ja urapalvelut\",\"publisher\":{\"@id\":\"https:\\\/\\\/y4works.fi\\\/fi\\\/#organization\"},\"potentialAction\":[{\"@type\":\"SearchAction\",\"target\":{\"@type\":\"EntryPoint\",\"urlTemplate\":\"https:\\\/\\\/y4works.fi\\\/fi\\\/?s={search_term_string}\"},\"query-input\":{\"@type\":\"PropertyValueSpecification\",\"valueRequired\":true,\"valueName\":\"search_term_string\"}}],\"inLanguage\":\"fi\"},{\"@type\":\"Organization\",\"@id\":\"https:\\\/\\\/y4works.fi\\\/fi\\\/#organization\",\"name\":\"Y4 Works\",\"url\":\"https:\\\/\\\/y4works.fi\\\/fi\\\/\",\"logo\":{\"@type\":\"ImageObject\",\"inLanguage\":\"fi\",\"@id\":\"https:\\\/\\\/y4works.fi\\\/fi\\\/#\\\/schema\\\/logo\\\/image\\\/\",\"url\":\"https:\\\/\\\/y4works.fi\\\/wp-content\\\/uploads\\\/2021\\\/08\\\/Y4-logo.png\",\"contentUrl\":\"https:\\\/\\\/y4works.fi\\\/wp-content\\\/uploads\\\/2021\\\/08\\\/Y4-logo.png\",\"width\":2621,\"height\":1578,\"caption\":\"Y4 Works\"},\"image\":{\"@id\":\"https:\\\/\\\/y4works.fi\\\/fi\\\/#\\\/schema\\\/logo\\\/image\\\/\"},\"sameAs\":[\"https:\\\/\\\/www.facebook.com\\\/Y4works\\\/\",\"https:\\\/\\\/x.com\\\/y4works\",\"https:\\\/\\\/www.instagram.com\\\/y4works\\\/\",\"https:\\\/\\\/www.linkedin.com\\\/company\\\/y4\\\/\",\"https:\\\/\\\/www.youtube.com\\\/channel\\\/UC5dIR_5FPOK1spC2G7LQelg\"]}]}<\/script>\n<!-- \/ Yoast SEO plugin. -->","yoast_head_json":{"title":"Uutiskirje - Y4 Works","description":"Uutiskirjeess\u00e4mme annamme vinkkej\u00e4 yritystoiminnan ja ty\u00f6el\u00e4m\u00e4n eri osa-alueisiin alansa parhailta asiantuntijoilta. Tilaa Y4 uutiskirje.","robots":{"index":"index","follow":"follow","max-snippet":"max-snippet:-1","max-image-preview":"max-image-preview:large","max-video-preview":"max-video-preview:-1"},"canonical":"https:\/\/y4works.fi\/fi\/uutiskirje\/","og_locale":"fi_FI","og_type":"article","og_title":"Uutiskirje - Y4 Works","og_description":"Uutiskirjeess\u00e4mme annamme vinkkej\u00e4 yritystoiminnan ja ty\u00f6el\u00e4m\u00e4n eri osa-alueisiin alansa parhailta asiantuntijoilta. Tilaa Y4 uutiskirje.","og_url":"https:\/\/y4works.fi\/fi\/uutiskirje\/","og_site_name":"Y4 Works","article_publisher":"https:\/\/www.facebook.com\/Y4works\/","article_modified_time":"2023-09-07T06:10:37+00:00","og_image":[{"width":512,"height":512,"url":"https:\/\/y4works.fi\/wp-content\/uploads\/2021\/02\/Y4-Favicon-colour.png","type":"image\/png"}],"twitter_card":"summary_large_image","twitter_site":"@y4works","twitter_misc":{"Arvioitu lukuaika":"1 minuutti"},"schema":{"@context":"https:\/\/schema.org","@graph":[{"@type":"WebPage","@id":"https:\/\/y4works.fi\/fi\/uutiskirje\/","url":"https:\/\/y4works.fi\/fi\/uutiskirje\/","name":"Uutiskirje - Y4 Works","isPartOf":{"@id":"https:\/\/y4works.fi\/fi\/#website"},"primaryImageOfPage":{"@id":"https:\/\/y4works.fi\/fi\/uutiskirje\/#primaryimage"},"image":{"@id":"https:\/\/y4works.fi\/fi\/uutiskirje\/#primaryimage"},"thumbnailUrl":"https:\/\/y4works.fi\/wp-content\/uploads\/2021\/02\/Y4-Favicon-colour.png","datePublished":"2021-09-26T13:05:53+00:00","dateModified":"2023-09-07T06:10:37+00:00","description":"Uutiskirjeess\u00e4mme annamme vinkkej\u00e4 yritystoiminnan ja ty\u00f6el\u00e4m\u00e4n eri osa-alueisiin alansa parhailta asiantuntijoilta. Tilaa Y4 uutiskirje.","breadcrumb":{"@id":"https:\/\/y4works.fi\/fi\/uutiskirje\/#breadcrumb"},"inLanguage":"fi","potentialAction":[{"@type":"ReadAction","target":["https:\/\/y4works.fi\/fi\/uutiskirje\/"]}]},{"@type":"ImageObject","inLanguage":"fi","@id":"https:\/\/y4works.fi\/fi\/uutiskirje\/#primaryimage","url":"https:\/\/y4works.fi\/wp-content\/uploads\/2021\/02\/Y4-Favicon-colour.png","contentUrl":"https:\/\/y4works.fi\/wp-content\/uploads\/2021\/02\/Y4-Favicon-colour.png","width":512,"height":512,"caption":"Y4 Works blogit"},{"@type":"BreadcrumbList","@id":"https:\/\/y4works.fi\/fi\/uutiskirje\/#breadcrumb","itemListElement":[{"@type":"ListItem","position":1,"name":"Home","item":"https:\/\/y4works.fi\/fi\/"},{"@type":"ListItem","position":2,"name":"Uutiskirje"}]},{"@type":"WebSite","@id":"https:\/\/y4works.fi\/fi\/#website","url":"https:\/\/y4works.fi\/fi\/","name":"Y4 Works","description":"Uuden sukupolven yritys- ja urapalvelut","publisher":{"@id":"https:\/\/y4works.fi\/fi\/#organization"},"potentialAction":[{"@type":"SearchAction","target":{"@type":"EntryPoint","urlTemplate":"https:\/\/y4works.fi\/fi\/?s={search_term_string}"},"query-input":{"@type":"PropertyValueSpecification","valueRequired":true,"valueName":"search_term_string"}}],"inLanguage":"fi"},{"@type":"Organization","@id":"https:\/\/y4works.fi\/fi\/#organization","name":"Y4 Works","url":"https:\/\/y4works.fi\/fi\/","logo":{"@type":"ImageObject","inLanguage":"fi","@id":"https:\/\/y4works.fi\/fi\/#\/schema\/logo\/image\/","url":"https:\/\/y4works.fi\/wp-content\/uploads\/2021\/08\/Y4-logo.png","contentUrl":"https:\/\/y4works.fi\/wp-content\/uploads\/2021\/08\/Y4-logo.png","width":2621,"height":1578,"caption":"Y4 Works"},"image":{"@id":"https:\/\/y4works.fi\/fi\/#\/schema\/logo\/image\/"},"sameAs":["https:\/\/www.facebook.com\/Y4works\/","https:\/\/x.com\/y4works","https:\/\/www.instagram.com\/y4works\/","https:\/\/www.linkedin.com\/company\/y4\/","https:\/\/www.youtube.com\/channel\/UC5dIR_5FPOK1spC2G7LQelg"]}]}},"_links":{"self":[{"href":"https:\/\/y4works.fi\/fi\/wp-json\/wp\/v2\/pages\/6650","targetHints":{"allow":["GET"]}}],"collection":[{"href":"https:\/\/y4works.fi\/fi\/wp-json\/wp\/v2\/pages"}],"about":[{"href":"https:\/\/y4works.fi\/fi\/wp-json\/wp\/v2\/types\/page"}],"author":[{"embeddable":true,"href":"https:\/\/y4works.fi\/fi\/wp-json\/wp\/v2\/users\/131"}],"replies":[{"embeddable":true,"href":"https:\/\/y4works.fi\/fi\/wp-json\/wp\/v2\/comments?post=6650"}],"version-history":[{"count":0,"href":"https:\/\/y4works.fi\/fi\/wp-json\/wp\/v2\/pages\/6650\/revisions"}],"wp:featuredmedia":[{"embeddable":true,"href":"https:\/\/y4works.fi\/fi\/wp-json\/wp\/v2\/media\/1725"}],"wp:attachment":[{"href":"https:\/\/y4works.fi\/fi\/wp-json\/wp\/v2\/media?parent=6650"}],"curies":[{"name":"wp","href":"https:\/\/api.w.org\/{rel}","templated":true}]}}